{"id":125,"date":"2026-04-14T10:23:55","date_gmt":"2026-04-14T10:23:55","guid":{"rendered":"https:\/\/achadosdoigorpaiva.shop\/?page_id=125"},"modified":"2026-04-14T10:27:11","modified_gmt":"2026-04-14T10:27:11","slug":"lp-vip","status":"publish","type":"page","link":"https:\/\/achadosdoigorpaiva.shop\/lp-vip\/","title":{"rendered":"LP-VIP"},"content":{"rendered":"\t\t<div data-elementor-type=\"wp-page\" data-elementor-id=\"125\" class=\"elementor elementor-125\">\n\t\t\t\t<div class=\"elementor-element elementor-element-7b5b92e1 e-flex e-con-boxed e-con e-parent\" data-id=\"7b5b92e1\" data-element_type=\"container\" data-e-type=\"container\">\n\t\t\t\t\t<div class=\"e-con-inner\">\n\t\t\t\t\t\t\t\n\t\t<img class=\"e-image-base \" \n\t\t\t\t\tdata-interaction-id=\"76d29d17\" \n\t\t \n\t\t \n\t\t\t\t\t\t\t\t\tid=\"25\"\n\t\t\t\t\t\t\t\t\t\t\t\tsrc=\"https:\/\/achadosdoigorpaiva.shop\/wp-content\/uploads\/2026\/04\/Gemini_Generated_Image_90bdpx90bdpx90bd-2.png\"\n\t\t\t\t\t\t\t\t\t\t\t\twidth=\"1377\"\n\t\t\t\t\t\t\t\t\t\t\t\theight=\"768\"\n\t\t\t\t\t\t\t\t\t\t\t\tsrcset=\"https:\/\/achadosdoigorpaiva.shop\/wp-content\/uploads\/2026\/04\/Gemini_Generated_Image_90bdpx90bdpx90bd-2.png 1377w, https:\/\/achadosdoigorpaiva.shop\/wp-content\/uploads\/2026\/04\/Gemini_Generated_Image_90bdpx90bdpx90bd-2-300x167.png 300w, https:\/\/achadosdoigorpaiva.shop\/wp-content\/uploads\/2026\/04\/Gemini_Generated_Image_90bdpx90bdpx90bd-2-1024x571.png 1024w, https:\/\/achadosdoigorpaiva.shop\/wp-content\/uploads\/2026\/04\/Gemini_Generated_Image_90bdpx90bdpx90bd-2-768x428.png 768w\"\n\t\t\t\t\t\t\t\t\t\t\t\talt=\"\"\n\t\t\t\t\t\t\/>\n\t\t\t\t\t\t<\/div>\n\t\t\t\t<\/div>\n\t\t<div class=\"elementor-element elementor-element-7f3e6040 e-con-full e-flex e-con e-parent\" data-id=\"7f3e6040\" data-element_type=\"container\" data-e-type=\"container\">\n\t\t\t\t\t\t\t<h2 \n\t\tdata-interaction-id=\"47bdc42d\" \n\t\tclass=\"e-47bdc42d-5866b7e e-heading-base\" \n\t\t \n\t\t\n\t>\n\t\n\t\t\t<strong>VIP Achados do Igor Paiva<\/strong>\n\t\t<\/h2>\n\t\t\t\t<\/div>\n\t\t<div class=\"elementor-element elementor-element-15033195 e-flex e-con-boxed e-con e-parent\" data-id=\"15033195\" data-element_type=\"container\" data-e-type=\"container\">\n\t\t\t\t\t<div class=\"e-con-inner\">\n\t\t\t\t\t\t\t\t<p class=\"e-9dd992-3bec01b e-paragraph-base\" data-interaction-id=\"9dd992\"  >\n\t\t\t\t\t\t\t\tEconomize tempo e dinheiro. Receba os<strong id=\"e-mnxxbdzp-g8bmz4p\"> cupons exclusivos<\/strong><u id=\"e-mnxxbdzp-g70jr8h\"> <\/u>e os <strong id=\"e-mnxxbdzp-v08vmdx\">melhores achadinhos<\/strong><u id=\"e-mnxxbdzp-asebpka\"> d<\/u>a internet direto no seu WhatsApp.\n\t\t\t\t\t<\/p>\n\t\t\t\t\t<\/div>\n\t\t\t\t<\/div>\n\t\t<div class=\"elementor-element elementor-element-26c98c5a e-flex e-con-boxed e-con e-parent\" data-id=\"26c98c5a\" data-element_type=\"container\" data-e-type=\"container\">\n\t\t\t\t\t<div class=\"e-con-inner\">\n\t\t\t\t<div class=\"elementor-element elementor-element-3614f294 elementor-widget elementor-widget-html\" data-id=\"3614f294\" data-element_type=\"widget\" data-e-type=\"widget\" data-widget_type=\"html.default\">\n\t\t\t\t\t<style>\r\n\/* For\u00e7a a anima\u00e7\u00e3o em qualquer bot\u00e3o do Elementor nesta p\u00e1gina *\/\r\n.elementor-button {\r\n    animation: pulse-green 2s infinite !important;\r\n    transition: all 0.3s ease-in-out;\r\n}\r\n\r\n@keyframes pulse-green {\r\n    0% {\r\n        transform: scale(1);\r\n        box-shadow: 0 0 0 0 rgba(37, 211, 102, 0.7);\r\n    }\r\n    70% {\r\n        transform: scale(1.05);\r\n        box-shadow: 0 0 0 15px rgba(37, 211, 102, 0);\r\n    }\r\n    100% {\r\n        transform: scale(1);\r\n        box-shadow: 0 0 0 0 rgba(37, 211, 102, 0);\r\n    }\r\n}\r\n<\/style>\t\t\t\t<\/div>\n\t\t\t\t\t<\/div>\n\t\t\t\t<\/div>\n\t\t<div class=\"elementor-element elementor-element-24cee9dc e-flex e-con-boxed e-con e-parent\" data-id=\"24cee9dc\" data-element_type=\"container\" data-e-type=\"container\">\n\t\t\t\t\t<div class=\"e-con-inner\">\n\t\t\t\t\t    \t            <a\n            \t\t\thref=\"https:\/\/chat.whatsapp.com\/JTF6DuwOYfkIdtNWJxakhk?mode=gi_t\"\n        target=\"_self\"\n            class=\"e-67215e1d-ad1e557 e-button-base\"\n            data-interaction-id=\"67215e1d\"\n             \n        >\n            QUERO ENTRAR NO GRUPO VIP\ud83d\udd25\n        <\/a>\n    \t\t\t\t\t<\/div>\n\t\t\t\t<\/div>\n\t\t<div class=\"elementor-element elementor-element-6a254f6 e-flex e-con-boxed e-con e-parent\" data-id=\"6a254f6\" data-element_type=\"container\" data-e-type=\"container\">\n\t\t\t\t\t<div class=\"e-con-inner\">\n\t\t\t\t\t\t\t\t<p class=\"e-31147b6d-712a8bf e-paragraph-base\" data-interaction-id=\"31147b6d\"  >\n\t\t\t\t\t\t\t\tAs vagas do grupo podem acabar a qualquer momento!\n\t\t\t\t\t<\/p>\n\t\t\t\t\t<\/div>\n\t\t\t\t<\/div>\n\t\t<div class=\"elementor-element elementor-element-22709fea e-flex e-con-boxed e-con e-parent\" data-id=\"22709fea\" data-element_type=\"container\" data-e-type=\"container\">\n\t\t\t\t\t<div class=\"e-con-inner\">\n\t\t\t\t\t\n<hr class=\"e-19ebe444-37bd9d0 e-divider-base\" data-interaction-id=\"19ebe444\"   \/>\n\t\t\t\t\t<\/div>\n\t\t\t\t<\/div>\n\t\t<div class=\"elementor-element elementor-element-521111a5 e-con-full e-flex e-con e-parent\" data-id=\"521111a5\" data-element_type=\"container\" data-e-type=\"container\">\n\t\t\t\t\t\t\t<h2 \n\t\tdata-interaction-id=\"5862c15f\" \n\t\tclass=\"e-5862c15f-9b4e4b5 e-heading-base\" \n\t\t \n\t\t\n\t>\n\t\n\t\t\t\u00a9 2026 - Achados do Igor Paiva\n\t\t<\/h2>\n\t\t\t\t<\/div>\n\t\t\t\t<\/div>\n\t\t","protected":false},"excerpt":{"rendered":"<p>VIP Achados do Igor Paiva Economize tempo e dinheiro. Receba os cupons exclusivos e os melhores achadinhos da internet direto no seu WhatsApp. QUERO ENTRAR NO GRUPO VIP\ud83d\udd25 As vagas do grupo podem acabar a qualquer momento! \u00a9 2026 &#8211; Achados do Igor Paiva<\/p>\n","protected":false},"author":1,"featured_media":0,"parent":0,"menu_order":0,"comment_status":"closed","ping_status":"closed","template":"elementor_canvas","meta":{"footnotes":""},"class_list":["post-125","page","type-page","status-publish","hentry"],"_hostinger_reach_plugin_has_subscription_block":false,"_hostinger_reach_plugin_is_elementor":false,"_links":{"self":[{"href":"https:\/\/achadosdoigorpaiva.shop\/lp-vip\/wp-json\/wp\/v2\/pages\/125","targetHints":{"allow":["GET"]}}],"collection":[{"href":"https:\/\/achadosdoigorpaiva.shop\/lp-vip\/wp-json\/wp\/v2\/pages"}],"about":[{"href":"https:\/\/achadosdoigorpaiva.shop\/lp-vip\/wp-json\/wp\/v2\/types\/page"}],"author":[{"embeddable":true,"href":"https:\/\/achadosdoigorpaiva.shop\/lp-vip\/wp-json\/wp\/v2\/users\/1"}],"replies":[{"embeddable":true,"href":"https:\/\/achadosdoigorpaiva.shop\/lp-vip\/wp-json\/wp\/v2\/comments?post=125"}],"version-history":[{"count":4,"href":"https:\/\/achadosdoigorpaiva.shop\/lp-vip\/wp-json\/wp\/v2\/pages\/125\/revisions"}],"predecessor-version":[{"id":130,"href":"https:\/\/achadosdoigorpaiva.shop\/lp-vip\/wp-json\/wp\/v2\/pages\/125\/revisions\/130"}],"wp:attachment":[{"href":"https:\/\/achadosdoigorpaiva.shop\/lp-vip\/wp-json\/wp\/v2\/media?parent=125"}],"curies":[{"name":"wp","href":"https:\/\/api.w.org\/{rel}","templated":true}]}}